{"id":2274,"date":"2025-12-05T10:41:24","date_gmt":"2025-12-05T09:41:24","guid":{"rendered":"https:\/\/germainmagat.com\/?page_id=2274"},"modified":"2026-02-20T09:51:35","modified_gmt":"2026-02-20T08:51:35","slug":"poke","status":"publish","type":"page","link":"https:\/\/germainmagat.com\/?page_id=2274","title":{"rendered":"Poke"},"content":{"rendered":"\t\t<div data-elementor-type=\"wp-page\" data-elementor-id=\"2274\" class=\"elementor elementor-2274\">\n\t\t\t\t<div class=\"elementor-element elementor-element-eddca70 e-flex e-con-boxed e-con e-parent\" data-id=\"eddca70\" data-element_type=\"container\" data-e-type=\"container\">\n\t\t\t\t\t<div class=\"e-con-inner\">\n\t\t<div class=\"elementor-element elementor-element-0f4be9b e-con-full e-flex e-con e-child\" data-id=\"0f4be9b\" data-element_type=\"container\" data-e-type=\"container\">\n\t\t\t\t<div class=\"elementor-element elementor-element-e2fe7ef elementor-widget elementor-widget-heading\" data-id=\"e2fe7ef\" data-element_type=\"widget\" data-e-type=\"widget\" data-widget_type=\"heading.default\">\n\t\t\t\t<div class=\"elementor-widget-container\">\n\t\t\t\t\t<h2 class=\"elementor-heading-title elementor-size-default\">Imaginer une t\u00e9l\u00e9commande TV inclusive<\/h2>\t\t\t\t<\/div>\n\t\t\t\t<\/div>\n\t\t\t\t<\/div>\n\t\t<div class=\"elementor-element elementor-element-73552f2 e-con-full e-flex e-con e-child\" data-id=\"73552f2\" data-element_type=\"container\" data-e-type=\"container\">\n\t\t\t\t<div class=\"elementor-element elementor-element-bab43df elementor-widget elementor-widget-heading\" data-id=\"bab43df\" data-element_type=\"widget\" data-e-type=\"widget\" data-widget_type=\"heading.default\">\n\t\t\t\t<div class=\"elementor-widget-container\">\n\t\t\t\t\t<h2 class=\"elementor-heading-title elementor-size-default\">Poke<\/h2>\t\t\t\t<\/div>\n\t\t\t\t<\/div>\n\t\t\t\t<div class=\"elementor-element elementor-element-a8dc661 elementor-widget__width-initial elementor-widget elementor-widget-heading\" data-id=\"a8dc661\" data-element_type=\"widget\" data-e-type=\"widget\" data-widget_type=\"heading.default\">\n\t\t\t\t<div class=\"elementor-widget-container\">\n\t\t\t\t\t<h2 class=\"elementor-heading-title elementor-size-default\">EPFL+ECAL LAB<\/h2>\t\t\t\t<\/div>\n\t\t\t\t<\/div>\n\t\t\t\t<\/div>\n\t\t\t\t\t<\/div>\n\t\t\t\t<\/div>\n\t\t<div class=\"elementor-element elementor-element-a2df74f e-flex e-con-boxed e-con e-parent\" data-id=\"a2df74f\" data-element_type=\"container\" data-e-type=\"container\" data-settings=\"{&quot;animation&quot;:&quot;none&quot;}\">\n\t\t\t\t\t<div class=\"e-con-inner\">\n\t\t<div class=\"elementor-element elementor-element-40ff892 e-con-full e-flex e-con e-child\" data-id=\"40ff892\" data-element_type=\"container\" data-e-type=\"container\">\n\t\t\t\t<div class=\"elementor-element elementor-element-5158f1d elementor-widget elementor-widget-text-editor\" data-id=\"5158f1d\" data-element_type=\"widget\" data-e-type=\"widget\" data-widget_type=\"text-editor.default\">\n\t\t\t\t<div class=\"elementor-widget-container\">\n\t\t\t\t\t\t\t\t\t<p class=\"p1\">Poke est une t\u00e9l\u00e9commande TV dont les boutons poss\u00e8dent un affichage dynamique. La totalit\u00e9 de sa surface est recouverte de touches o\u00f9 les symboles peuvent appara\u00eetre et dispara\u00eetre en fonction de l\u2019activit\u00e9 de l\u2019utilisateur, gr\u00e2ce \u00e0 un \u00e9cran e-paper tactile et en volume. Ainsi, seules les commandes vraiment n\u00e9cessaires \u00e0 l\u2019instant T s\u2019affichent et guident l\u2019usager dans les interfaces des smart TV, qu\u2019il soit n\u00e9ophyte ou expert dans l\u2019appr\u00e9hension des usages num\u00e9rique.<\/p>\t\t\t\t\t\t\t\t<\/div>\n\t\t\t\t<\/div>\n\t\t\t\t<\/div>\n\t\t\t\t\t<\/div>\n\t\t\t\t<\/div>\n\t\t<div class=\"elementor-element elementor-element-248c2a3 e-flex e-con-boxed elementor-invisible e-con e-parent\" data-id=\"248c2a3\" data-element_type=\"container\" data-e-type=\"container\" data-settings=\"{&quot;animation&quot;:&quot;fadeIn&quot;}\">\n\t\t\t\t\t<div class=\"e-con-inner\">\n\t\t\t\t<div class=\"elementor-element elementor-element-6893767 elementor-widget elementor-widget-image\" data-id=\"6893767\" data-element_type=\"widget\" data-e-type=\"widget\" data-widget_type=\"image.default\">\n\t\t\t\t<div class=\"elementor-widget-container\">\n\t\t\t\t\t\t\t\t\t\t\t\t\t\t\t<img fetchpriority=\"high\" decoding=\"async\" width=\"1920\" height=\"1280\" src=\"https:\/\/germainmagat.com\/wp-content\/uploads\/2025\/12\/poke-webp-lossy-fade.webp\" class=\"attachment-full size-full wp-image-2344\" alt=\"\" \/>\t\t\t\t\t\t\t\t\t\t\t\t\t\t\t<\/div>\n\t\t\t\t<\/div>\n\t\t\t\t\t<\/div>\n\t\t\t\t<\/div>\n\t\t<div class=\"elementor-element elementor-element-726a2b6 e-flex e-con-boxed elementor-invisible e-con e-parent\" data-id=\"726a2b6\" data-element_type=\"container\" data-e-type=\"container\" data-settings=\"{&quot;animation&quot;:&quot;fadeIn&quot;}\">\n\t\t\t\t\t<div class=\"e-con-inner\">\n\t\t<div class=\"elementor-element elementor-element-2c7bb4a e-con-full e-flex e-con e-child\" data-id=\"2c7bb4a\" data-element_type=\"container\" data-e-type=\"container\">\n\t\t\t\t<div class=\"elementor-element elementor-element-d53a8df elementor-widget__width-inherit elementor-widget elementor-widget-text-editor\" data-id=\"d53a8df\" data-element_type=\"widget\" data-e-type=\"widget\" data-widget_type=\"text-editor.default\">\n\t\t\t\t<div class=\"elementor-widget-container\">\n\t\t\t\t\t\t\t\t\t<p class=\"p1\">Une recherche utilisateur sur les usages des t\u00e9l\u00e9commandes par les personnes \u00e2g\u00e9es a permis de comprendre tr\u00e8s concr\u00e8tement la notion de fracture num\u00e9rique. Elle a \u00e9t\u00e9 compl\u00e9t\u00e9e par des apports th\u00e9oriques lors d&rsquo;interviews d\u2019experts dans le domaine du handicap, du vieillissement et de la d\u00e9pendance. L\u2019importance du touch\u00e9 et le besoin de minimalisme se sont r\u00e9v\u00e9l\u00e9s comme des enjeux majeurs pour la conception d\u2019un nouveau dispositif.<\/p>\t\t\t\t\t\t\t\t<\/div>\n\t\t\t\t<\/div>\n\t\t\t\t<\/div>\n\t\t\t\t\t<\/div>\n\t\t\t\t<\/div>\n\t\t<div class=\"elementor-element elementor-element-4f24c00 e-flex e-con-boxed elementor-invisible e-con e-parent\" data-id=\"4f24c00\" data-element_type=\"container\" data-e-type=\"container\" data-settings=\"{&quot;animation&quot;:&quot;fadeIn&quot;}\">\n\t\t\t\t\t<div class=\"e-con-inner\">\n\t\t<div class=\"elementor-element elementor-element-4116ab1 e-con-full e-flex e-con e-child\" data-id=\"4116ab1\" data-element_type=\"container\" data-e-type=\"container\">\n\t\t\t\t<div class=\"elementor-element elementor-element-3e7215f elementor-widget elementor-widget-image\" data-id=\"3e7215f\" data-element_type=\"widget\" data-e-type=\"widget\" data-widget_type=\"image.default\">\n\t\t\t\t<div class=\"elementor-widget-container\">\n\t\t\t\t\t\t\t\t\t\t\t\t\t\t\t<img decoding=\"async\" width=\"2560\" height=\"1920\" src=\"https:\/\/germainmagat.com\/wp-content\/uploads\/2025\/12\/research01-scaled.jpg\" class=\"attachment-full size-full wp-image-2350\" alt=\"\" srcset=\"https:\/\/germainmagat.com\/wp-content\/uploads\/2025\/12\/research01-scaled.jpg 2560w, https:\/\/germainmagat.com\/wp-content\/uploads\/2025\/12\/research01-300x225.jpg 300w, https:\/\/germainmagat.com\/wp-content\/uploads\/2025\/12\/research01-1024x768.jpg 1024w, https:\/\/germainmagat.com\/wp-content\/uploads\/2025\/12\/research01-768x576.jpg 768w, https:\/\/germainmagat.com\/wp-content\/uploads\/2025\/12\/research01-1536x1152.jpg 1536w, https:\/\/germainmagat.com\/wp-content\/uploads\/2025\/12\/research01-2048x1536.jpg 2048w\" sizes=\"(max-width: 2560px) 100vw, 2560px\" \/>\t\t\t\t\t\t\t\t\t\t\t\t\t\t\t<\/div>\n\t\t\t\t<\/div>\n\t\t\t\t<\/div>\n\t\t<div class=\"elementor-element elementor-element-a61f595 e-con-full e-flex e-con e-child\" data-id=\"a61f595\" data-element_type=\"container\" data-e-type=\"container\">\n\t\t\t\t<div class=\"elementor-element elementor-element-d76dc92 elementor-widget elementor-widget-image\" data-id=\"d76dc92\" data-element_type=\"widget\" data-e-type=\"widget\" data-widget_type=\"image.default\">\n\t\t\t\t<div class=\"elementor-widget-container\">\n\t\t\t\t\t\t\t\t\t\t\t\t\t\t\t<img decoding=\"async\" width=\"256\" height=\"300\" src=\"https:\/\/germainmagat.com\/wp-content\/uploads\/2025\/12\/inspi-256x300.jpg\" class=\"attachment-medium size-medium wp-image-2349\" alt=\"\" srcset=\"https:\/\/germainmagat.com\/wp-content\/uploads\/2025\/12\/inspi-256x300.jpg 256w, https:\/\/germainmagat.com\/wp-content\/uploads\/2025\/12\/inspi.jpg 500w\" sizes=\"(max-width: 256px) 100vw, 256px\" \/>\t\t\t\t\t\t\t\t\t\t\t\t\t\t\t<\/div>\n\t\t\t\t<\/div>\n\t\t\t\t<\/div>\n\t\t\t\t\t<\/div>\n\t\t\t\t<\/div>\n\t\t<div class=\"elementor-element elementor-element-a33d242 e-flex e-con-boxed elementor-invisible e-con e-parent\" data-id=\"a33d242\" data-element_type=\"container\" data-e-type=\"container\" data-settings=\"{&quot;animation&quot;:&quot;fadeIn&quot;}\">\n\t\t\t\t\t<div class=\"e-con-inner\">\n\t\t<div class=\"elementor-element elementor-element-88d6598 e-con-full e-flex e-con e-child\" data-id=\"88d6598\" data-element_type=\"container\" data-e-type=\"container\">\n\t\t\t\t<div class=\"elementor-element elementor-element-51f014f elementor-widget__width-inherit elementor-widget elementor-widget-text-editor\" data-id=\"51f014f\" data-element_type=\"widget\" data-e-type=\"widget\" data-widget_type=\"text-editor.default\">\n\t\t\t\t<div class=\"elementor-widget-container\">\n\t\t\t\t\t\t\t\t\t<div class=\"elementor-element elementor-element-f387a61 e-flex e-con-boxed e-con e-parent e-lazyloaded\" data-id=\"f387a61\" data-element_type=\"container\"><div class=\"e-con-inner\"><div class=\"elementor-element elementor-element-0cf3385 elementor-widget elementor-widget-text-editor\" data-id=\"0cf3385\" data-element_type=\"widget\" data-widget_type=\"text-editor.default\"><div class=\"elementor-widget-container\"><p><span style=\"color: #000000;\">Le d\u00e9fi a \u00e9t\u00e9 de permettre une multiplicit\u00e9 d\u2019usage tout en \u00e9purant au maximum l\u2019interface.\u00a0 Le choix technologique s\u2019est tourn\u00e9 vers un empilement de couches avec entre autres un \u00e9cran e-paper sur lequel s\u2019affiche l\u2019interface \u2013 choisi pour sa faible consommation d\u2019\u00e9nergie et son aspect doux \u2013 ainsi qu\u2019un micro-m\u00e9canisme permettant de donner le volume recherch\u00e9 d\u2019un bouton tout en \u00e9tant transparent. Le design s&rsquo;est aussi port\u00e9 sur l\u2019interface dynamique, combin\u00e9e \u00e0 un travail sur l\u2019haptique afin favoriser le rep\u00e9rage spatial par le sculpt\u00e9 des touches.<\/span><\/p><\/div><\/div><\/div><\/div>\t\t\t\t\t\t\t\t<\/div>\n\t\t\t\t<\/div>\n\t\t\t\t<\/div>\n\t\t\t\t\t<\/div>\n\t\t\t\t<\/div>\n\t\t<div class=\"elementor-element elementor-element-d8e959f e-flex e-con-boxed elementor-invisible e-con e-parent\" data-id=\"d8e959f\" data-element_type=\"container\" data-e-type=\"container\" data-settings=\"{&quot;animation&quot;:&quot;fadeIn&quot;}\">\n\t\t\t\t\t<div class=\"e-con-inner\">\n\t\t<div class=\"elementor-element elementor-element-ed2733f e-con-full e-flex e-con e-child\" data-id=\"ed2733f\" data-element_type=\"container\" data-e-type=\"container\">\n\t\t\t\t<div class=\"elementor-element elementor-element-35f7cb6 e-transform elementor-invisible elementor-widget elementor-widget-image\" data-id=\"35f7cb6\" data-element_type=\"widget\" data-e-type=\"widget\" data-settings=\"{&quot;_animation&quot;:&quot;fadeIn&quot;,&quot;_transform_scale_effect&quot;:{&quot;unit&quot;:&quot;px&quot;,&quot;size&quot;:&quot;&quot;,&quot;sizes&quot;:[]},&quot;_transform_scale_effect_tablet&quot;:{&quot;unit&quot;:&quot;px&quot;,&quot;size&quot;:&quot;&quot;,&quot;sizes&quot;:[]},&quot;_transform_scale_effect_mobile&quot;:{&quot;unit&quot;:&quot;px&quot;,&quot;size&quot;:&quot;&quot;,&quot;sizes&quot;:[]}}\" data-widget_type=\"image.default\">\n\t\t\t\t<div class=\"elementor-widget-container\">\n\t\t\t\t\t\t\t\t\t\t\t\t\t\t\t<img loading=\"lazy\" decoding=\"async\" width=\"1474\" height=\"830\" src=\"https:\/\/germainmagat.com\/wp-content\/uploads\/2025\/10\/Poke-edited-1.png\" class=\"attachment-full size-full wp-image-764\" alt=\"\" srcset=\"https:\/\/germainmagat.com\/wp-content\/uploads\/2025\/10\/Poke-edited-1.png 1474w, https:\/\/germainmagat.com\/wp-content\/uploads\/2025\/10\/Poke-edited-1-300x169.png 300w, https:\/\/germainmagat.com\/wp-content\/uploads\/2025\/10\/Poke-edited-1-1024x577.png 1024w, https:\/\/germainmagat.com\/wp-content\/uploads\/2025\/10\/Poke-edited-1-768x432.png 768w\" sizes=\"(max-width: 1474px) 100vw, 1474px\" \/>\t\t\t\t\t\t\t\t\t\t\t\t\t\t\t<\/div>\n\t\t\t\t<\/div>\n\t\t\t\t<\/div>\n\t\t<div class=\"elementor-element elementor-element-30f4a60 e-con-full e-flex e-con e-child\" data-id=\"30f4a60\" data-element_type=\"container\" data-e-type=\"container\">\n\t\t\t\t<div class=\"elementor-element elementor-element-eef5c8e elementor-widget elementor-widget-video\" data-id=\"eef5c8e\" data-element_type=\"widget\" data-e-type=\"widget\" data-settings=\"{&quot;video_type&quot;:&quot;hosted&quot;,&quot;controls&quot;:&quot;yes&quot;}\" data-widget_type=\"video.default\">\n\t\t\t\t<div class=\"elementor-widget-container\">\n\t\t\t\t\t\t\t<div class=\"e-hosted-video elementor-wrapper elementor-open-inline\">\n\t\t\t\t\t<video class=\"elementor-video\" src=\"http:\/\/germainmagat.com\/wp-content\/uploads\/2025\/12\/poke-germain_magat-fullHD.mov\" controls=\"\" preload=\"metadata\" controlsList=\"nodownload\"><\/video>\n\t\t\t\t<\/div>\n\t\t\t\t\t\t<\/div>\n\t\t\t\t<\/div>\n\t\t\t\t<\/div>\n\t\t\t\t\t<\/div>\n\t\t\t\t<\/div>\n\t\t<div class=\"elementor-element elementor-element-77e7a81 e-flex e-con-boxed elementor-invisible e-con e-parent\" data-id=\"77e7a81\" data-element_type=\"container\" data-e-type=\"container\" data-settings=\"{&quot;animation&quot;:&quot;fadeIn&quot;}\">\n\t\t\t\t\t<div class=\"e-con-inner\">\n\t\t\t\t<div class=\"elementor-element elementor-element-208b57e elementor-widget elementor-widget-image\" data-id=\"208b57e\" data-element_type=\"widget\" data-e-type=\"widget\" data-widget_type=\"image.default\">\n\t\t\t\t<div class=\"elementor-widget-container\">\n\t\t\t\t\t\t\t\t\t\t\t\t\t\t\t<img loading=\"lazy\" decoding=\"async\" width=\"2138\" height=\"943\" src=\"https:\/\/germainmagat.com\/wp-content\/uploads\/2025\/12\/product01-scaled-e1764924142912.jpg\" class=\"attachment-full size-full wp-image-2379\" alt=\"\" srcset=\"https:\/\/germainmagat.com\/wp-content\/uploads\/2025\/12\/product01-scaled-e1764924142912.jpg 2138w, https:\/\/germainmagat.com\/wp-content\/uploads\/2025\/12\/product01-scaled-e1764924142912-300x132.jpg 300w, https:\/\/germainmagat.com\/wp-content\/uploads\/2025\/12\/product01-scaled-e1764924142912-1024x452.jpg 1024w, https:\/\/germainmagat.com\/wp-content\/uploads\/2025\/12\/product01-scaled-e1764924142912-768x339.jpg 768w, https:\/\/germainmagat.com\/wp-content\/uploads\/2025\/12\/product01-scaled-e1764924142912-1536x677.jpg 1536w, https:\/\/germainmagat.com\/wp-content\/uploads\/2025\/12\/product01-scaled-e1764924142912-2048x903.jpg 2048w\" sizes=\"(max-width: 2138px) 100vw, 2138px\" \/>\t\t\t\t\t\t\t\t\t\t\t\t\t\t\t<\/div>\n\t\t\t\t<\/div>\n\t\t\t\t\t<\/div>\n\t\t\t\t<\/div>\n\t\t\t\t<\/div>\n\t\t","protected":false},"excerpt":{"rendered":"<p>Imaginer une t\u00e9l\u00e9commande TV inclusive Poke EPFL+ECAL LAB Poke est une t\u00e9l\u00e9commande TV dont les boutons poss\u00e8dent un affichage dynamique. [&hellip;]<\/p>\n","protected":false},"author":1,"featured_media":0,"parent":0,"menu_order":0,"comment_status":"closed","ping_status":"closed","template":"","meta":{"_uag_custom_page_level_css":"","site-sidebar-layout":"no-sidebar","site-content-layout":"","ast-site-content-layout":"full-width-container","site-content-style":"default","site-sidebar-style":"default","ast-global-header-display":"","ast-banner-title-visibility":"","ast-main-header-display":"","ast-hfb-above-header-display":"","ast-hfb-below-header-display":"","ast-hfb-mobile-header-display":"","site-post-title":"","ast-breadcrumbs-content":"","ast-featured-img":"disabled","footer-sml-layout":"","theme-transparent-header-meta":"","adv-header-id-meta":"","stick-header-meta":"","header-above-stick-meta":"","header-main-stick-meta":"","header-below-stick-meta":"","astra-migrate-meta-layouts":"default","ast-page-background-enabled":"default","ast-page-background-meta":{"desktop":{"background-color":"var(--ast-global-color-5)","background-image":"","background-repeat":"repeat","background-position":"center center","background-size":"auto","background-attachment":"scroll","background-type":"","background-media":"","overlay-type":"","overlay-color":"","overlay-opacity":"","overlay-gradient":""},"tablet":{"background-color":"","background-image":"","background-repeat":"repeat","background-position":"center center","background-size":"auto","background-attachment":"scroll","background-type":"","background-media":"","overlay-type":"","overlay-color":"","overlay-opacity":"","overlay-gradient":""},"mobile":{"background-color":"","background-image":"","background-repeat":"repeat","background-position":"center center","background-size":"auto","background-attachment":"scroll","background-type":"","background-media":"","overlay-type":"","overlay-color":"","overlay-opacity":"","overlay-gradient":""}},"ast-content-background-meta":{"desktop":{"background-color":"var(--ast-global-color-4)","background-image":"","background-repeat":"repeat","background-position":"center center","background-size":"auto","background-attachment":"scroll","background-type":"","background-media":"","overlay-type":"","overlay-color":"","overlay-opacity":"","overlay-gradient":""},"tablet":{"background-color":"var(--ast-global-color-4)","background-image":"","background-repeat":"repeat","background-position":"center center","background-size":"auto","background-attachment":"scroll","background-type":"","background-media":"","overlay-type":"","overlay-color":"","overlay-opacity":"","overlay-gradient":""},"mobile":{"background-color":"var(--ast-global-color-4)","background-image":"","background-repeat":"repeat","background-position":"center center","background-size":"auto","background-attachment":"scroll","background-type":"","background-media":"","overlay-type":"","overlay-color":"","overlay-opacity":"","overlay-gradient":""}},"footnotes":""},"class_list":["post-2274","page","type-page","status-publish","hentry"],"uagb_featured_image_src":{"full":false,"thumbnail":false,"medium":false,"medium_large":false,"large":false,"1536x1536":false,"2048x2048":false},"uagb_author_info":{"display_name":"admin1260","author_link":"https:\/\/germainmagat.com\/?author=1"},"uagb_comment_info":0,"uagb_excerpt":"Imaginer une t\u00e9l\u00e9commande TV inclusive Poke EPFL+ECAL LAB Poke est une t\u00e9l\u00e9commande TV dont les boutons poss\u00e8dent un affichage dynamique. [&hellip;]","_links":{"self":[{"href":"https:\/\/germainmagat.com\/index.php?rest_route=\/wp\/v2\/pages\/2274","targetHints":{"allow":["GET"]}}],"collection":[{"href":"https:\/\/germainmagat.com\/index.php?rest_route=\/wp\/v2\/pages"}],"about":[{"href":"https:\/\/germainmagat.com\/index.php?rest_route=\/wp\/v2\/types\/page"}],"author":[{"embeddable":true,"href":"https:\/\/germainmagat.com\/index.php?rest_route=\/wp\/v2\/users\/1"}],"replies":[{"embeddable":true,"href":"https:\/\/germainmagat.com\/index.php?rest_route=%2Fwp%2Fv2%2Fcomments&post=2274"}],"version-history":[{"count":217,"href":"https:\/\/germainmagat.com\/index.php?rest_route=\/wp\/v2\/pages\/2274\/revisions"}],"predecessor-version":[{"id":2927,"href":"https:\/\/germainmagat.com\/index.php?rest_route=\/wp\/v2\/pages\/2274\/revisions\/2927"}],"wp:attachment":[{"href":"https:\/\/germainmagat.com\/index.php?rest_route=%2Fwp%2Fv2%2Fmedia&parent=2274"}],"curies":[{"name":"wp","href":"https:\/\/api.w.org\/{rel}","templated":true}]}}