{"id":412,"date":"2025-10-30T09:26:05","date_gmt":"2025-10-30T08:26:05","guid":{"rendered":"https:\/\/germainmagat.com\/?page_id=412"},"modified":"2026-02-20T10:12:44","modified_gmt":"2026-02-20T09:12:44","slug":"projets","status":"publish","type":"page","link":"https:\/\/germainmagat.com\/?page_id=412","title":{"rendered":"\u00c9tudes de cas"},"content":{"rendered":"\t\t<div data-elementor-type=\"wp-page\" data-elementor-id=\"412\" class=\"elementor elementor-412\">\n\t\t\t\t<div class=\"elementor-element elementor-element-513eaa4 e-flex e-con-boxed e-con e-parent\" data-id=\"513eaa4\" data-element_type=\"container\" data-e-type=\"container\">\n\t\t\t\t\t<div class=\"e-con-inner\">\n\t\t\t\t<div class=\"elementor-element elementor-element-d2d8770 elementor-widget elementor-widget-spacer\" data-id=\"d2d8770\" data-element_type=\"widget\" data-e-type=\"widget\" data-widget_type=\"spacer.default\">\n\t\t\t\t<div class=\"elementor-widget-container\">\n\t\t\t\t\t\t\t<div class=\"elementor-spacer\">\n\t\t\t<div class=\"elementor-spacer-inner\"><\/div>\n\t\t<\/div>\n\t\t\t\t\t\t<\/div>\n\t\t\t\t<\/div>\n\t\t\t\t\t<\/div>\n\t\t\t\t<\/div>\n\t\t<div class=\"elementor-element elementor-element-f2099c4 e-con-full e-flex elementor-invisible e-con e-parent\" data-id=\"f2099c4\" data-element_type=\"container\" data-e-type=\"container\" data-settings=\"{&quot;animation&quot;:&quot;fadeIn&quot;}\">\n\t\t<div class=\"elementor-element elementor-element-27b56c8 e-con-full e-flex e-con e-child\" data-id=\"27b56c8\" data-element_type=\"container\" data-e-type=\"container\">\n\t\t\t\t<div class=\"elementor-element elementor-element-58878d1 elementor-widget elementor-widget-image\" data-id=\"58878d1\" data-element_type=\"widget\" data-e-type=\"widget\" data-widget_type=\"image.default\">\n\t\t\t\t<div class=\"elementor-widget-container\">\n\t\t\t\t\t\t\t\t\t\t\t\t\t\t\t<img fetchpriority=\"high\" decoding=\"async\" width=\"1152\" height=\"1536\" src=\"https:\/\/germainmagat.com\/wp-content\/uploads\/2025\/09\/IMG_9721-1152x1536.jpg\" class=\"attachment-1536x1536 size-1536x1536 wp-image-237\" alt=\"\" srcset=\"https:\/\/germainmagat.com\/wp-content\/uploads\/2025\/09\/IMG_9721-1152x1536.jpg 1152w, https:\/\/germainmagat.com\/wp-content\/uploads\/2025\/09\/IMG_9721-225x300.jpg 225w, https:\/\/germainmagat.com\/wp-content\/uploads\/2025\/09\/IMG_9721-768x1024.jpg 768w, https:\/\/germainmagat.com\/wp-content\/uploads\/2025\/09\/IMG_9721-1536x2048.jpg 1536w, https:\/\/germainmagat.com\/wp-content\/uploads\/2025\/09\/IMG_9721-1568x2091.jpg 1568w, https:\/\/germainmagat.com\/wp-content\/uploads\/2025\/09\/IMG_9721-scaled.jpg 1920w\" sizes=\"(max-width: 1152px) 100vw, 1152px\" \/>\t\t\t\t\t\t\t\t\t\t\t\t\t\t\t<\/div>\n\t\t\t\t<\/div>\n\t\t\t\t<div class=\"elementor-element elementor-element-0fd45ae elementor-widget elementor-widget-text-editor\" data-id=\"0fd45ae\" data-element_type=\"widget\" data-e-type=\"widget\" data-widget_type=\"text-editor.default\">\n\t\t\t\t<div class=\"elementor-widget-container\">\n\t\t\t\t\t\t\t\t\t<p>La patine comme source de durabilit\u00e9<br \/>en automobile<\/p>\t\t\t\t\t\t\t\t<\/div>\n\t\t\t\t<\/div>\n\t\t\t\t<div class=\"elementor-element elementor-element-b442302 elementor-widget__width-initial elementor-widget elementor-widget-text-editor\" data-id=\"b442302\" data-element_type=\"widget\" data-e-type=\"widget\" data-widget_type=\"text-editor.default\">\n\t\t\t\t<div class=\"elementor-widget-container\">\n\t\t\t\t\t\t\t\t\t<p>en cours<\/p>\t\t\t\t\t\t\t\t<\/div>\n\t\t\t\t<\/div>\n\t\t\t\t<\/div>\n\t\t<a class=\"elementor-element elementor-element-c3d625a e-con-full e-flex e-con e-child\" data-id=\"c3d625a\" data-element_type=\"container\" data-e-type=\"container\" href=\"https:\/\/germainmagat.com\/?page_id=788\">\n\t\t\t\t<div class=\"elementor-element elementor-element-548bc91 elementor-widget elementor-widget-image\" data-id=\"548bc91\" data-element_type=\"widget\" data-e-type=\"widget\" data-widget_type=\"image.default\">\n\t\t\t\t<div class=\"elementor-widget-container\">\n\t\t\t\t\t\t\t\t\t\t\t\t\t\t\t<img decoding=\"async\" width=\"1024\" height=\"576\" src=\"https:\/\/germainmagat.com\/wp-content\/uploads\/2025\/10\/killawatt14.37.04-edited-1024x576.png\" class=\"attachment-large size-large wp-image-565\" alt=\"\" srcset=\"https:\/\/germainmagat.com\/wp-content\/uploads\/2025\/10\/killawatt14.37.04-edited-1024x576.png 1024w, https:\/\/germainmagat.com\/wp-content\/uploads\/2025\/10\/killawatt14.37.04-edited-300x169.png 300w, https:\/\/germainmagat.com\/wp-content\/uploads\/2025\/10\/killawatt14.37.04-edited-768x432.png 768w, https:\/\/germainmagat.com\/wp-content\/uploads\/2025\/10\/killawatt14.37.04-edited.png 1356w\" sizes=\"(max-width: 1024px) 100vw, 1024px\" \/>\t\t\t\t\t\t\t\t\t\t\t\t\t\t\t<\/div>\n\t\t\t\t<\/div>\n\t\t\t\t<div class=\"elementor-element elementor-element-cfb268b elementor-widget elementor-widget-text-editor\" data-id=\"cfb268b\" data-element_type=\"widget\" data-e-type=\"widget\" data-widget_type=\"text-editor.default\">\n\t\t\t\t<div class=\"elementor-widget-container\">\n\t\t\t\t\t\t\t\t\t<p>Cr\u00e9er une campagne de communication \u00e0 impact en faveur des \u00e9conomies d&rsquo;\u00e9nergie<\/p>\t\t\t\t\t\t\t\t<\/div>\n\t\t\t\t<\/div>\n\t\t\t\t<div class=\"elementor-element elementor-element-3877df4 elementor-widget__width-initial elementor-widget elementor-widget-text-editor\" data-id=\"3877df4\" data-element_type=\"widget\" data-e-type=\"widget\" data-widget_type=\"text-editor.default\">\n\t\t\t\t<div class=\"elementor-widget-container\">\n\t\t\t\t\t\t\t\t\t<p>kill a watt<\/p>\t\t\t\t\t\t\t\t<\/div>\n\t\t\t\t<\/div>\n\t\t\t\t<\/a>\n\t\t\t\t<\/div>\n\t\t<div class=\"elementor-element elementor-element-025acb5 e-con-full e-flex elementor-invisible e-con e-parent\" data-id=\"025acb5\" data-element_type=\"container\" data-e-type=\"container\" data-settings=\"{&quot;animation&quot;:&quot;fadeIn&quot;}\">\n\t\t<a class=\"elementor-element elementor-element-f996c7d e-con-full e-flex e-con e-child\" data-id=\"f996c7d\" data-element_type=\"container\" data-e-type=\"container\" href=\"https:\/\/germainmagat.com\/?page_id=2274\">\n\t\t\t\t<div class=\"elementor-element elementor-element-d362461 elementor-widget elementor-widget-image\" data-id=\"d362461\" data-element_type=\"widget\" data-e-type=\"widget\" data-widget_type=\"image.default\">\n\t\t\t\t<div class=\"elementor-widget-container\">\n\t\t\t\t\t\t\t\t\t\t\t\t\t\t\t<img decoding=\"async\" width=\"1024\" height=\"577\" src=\"https:\/\/germainmagat.com\/wp-content\/uploads\/2025\/10\/Poke-edited-1-1024x577.png\" class=\"attachment-large size-large wp-image-764\" alt=\"\" srcset=\"https:\/\/germainmagat.com\/wp-content\/uploads\/2025\/10\/Poke-edited-1-1024x577.png 1024w, https:\/\/germainmagat.com\/wp-content\/uploads\/2025\/10\/Poke-edited-1-300x169.png 300w, https:\/\/germainmagat.com\/wp-content\/uploads\/2025\/10\/Poke-edited-1-768x432.png 768w, https:\/\/germainmagat.com\/wp-content\/uploads\/2025\/10\/Poke-edited-1.png 1474w\" sizes=\"(max-width: 1024px) 100vw, 1024px\" \/>\t\t\t\t\t\t\t\t\t\t\t\t\t\t\t<\/div>\n\t\t\t\t<\/div>\n\t\t\t\t<div class=\"elementor-element elementor-element-9bfe890 elementor-widget elementor-widget-text-editor\" data-id=\"9bfe890\" data-element_type=\"widget\" data-e-type=\"widget\" data-widget_type=\"text-editor.default\">\n\t\t\t\t<div class=\"elementor-widget-container\">\n\t\t\t\t\t\t\t\t\t<p>Imaginer une t\u00e9l\u00e9commande TV inclusive<\/p>\t\t\t\t\t\t\t\t<\/div>\n\t\t\t\t<\/div>\n\t\t\t\t<div class=\"elementor-element elementor-element-ac37d46 elementor-widget__width-initial elementor-widget elementor-widget-text-editor\" data-id=\"ac37d46\" data-element_type=\"widget\" data-e-type=\"widget\" data-widget_type=\"text-editor.default\">\n\t\t\t\t<div class=\"elementor-widget-container\">\n\t\t\t\t\t\t\t\t\t<p>epfl+ecal lab<\/p>\t\t\t\t\t\t\t\t<\/div>\n\t\t\t\t<\/div>\n\t\t\t\t<\/a>\n\t\t<div class=\"elementor-element elementor-element-96c461e e-con-full e-flex e-con e-child\" data-id=\"96c461e\" data-element_type=\"container\" data-e-type=\"container\">\n\t\t\t\t<div class=\"elementor-element elementor-element-fa70255 elementor-widget elementor-widget-image\" data-id=\"fa70255\" data-element_type=\"widget\" data-e-type=\"widget\" data-widget_type=\"image.default\">\n\t\t\t\t<div class=\"elementor-widget-container\">\n\t\t\t\t\t\t\t\t\t\t\t\t\t\t\t<img loading=\"lazy\" decoding=\"async\" width=\"1000\" height=\"562\" src=\"https:\/\/germainmagat.com\/wp-content\/uploads\/2025\/10\/DPP_0092-retouche2-edited.jpg\" class=\"attachment-large size-large wp-image-775\" alt=\"\" srcset=\"https:\/\/germainmagat.com\/wp-content\/uploads\/2025\/10\/DPP_0092-retouche2-edited.jpg 1000w, https:\/\/germainmagat.com\/wp-content\/uploads\/2025\/10\/DPP_0092-retouche2-edited-300x169.jpg 300w, https:\/\/germainmagat.com\/wp-content\/uploads\/2025\/10\/DPP_0092-retouche2-edited-768x432.jpg 768w\" sizes=\"(max-width: 1000px) 100vw, 1000px\" \/>\t\t\t\t\t\t\t\t\t\t\t\t\t\t\t<\/div>\n\t\t\t\t<\/div>\n\t\t\t\t<div class=\"elementor-element elementor-element-d9cb3d6 elementor-widget elementor-widget-text-editor\" data-id=\"d9cb3d6\" data-element_type=\"widget\" data-e-type=\"widget\" data-widget_type=\"text-editor.default\">\n\t\t\t\t<div class=\"elementor-widget-container\">\n\t\t\t\t\t\t\t\t\t<p>R\u00e9inventer le tourisme de savoir-faire<\/p>\t\t\t\t\t\t\t\t<\/div>\n\t\t\t\t<\/div>\n\t\t\t\t<div class=\"elementor-element elementor-element-139cb00 elementor-widget__width-initial elementor-widget elementor-widget-text-editor\" data-id=\"139cb00\" data-element_type=\"widget\" data-e-type=\"widget\" data-widget_type=\"text-editor.default\">\n\t\t\t\t<div class=\"elementor-widget-container\">\n\t\t\t\t\t\t\t\t\t<p>panorama<\/p>\t\t\t\t\t\t\t\t<\/div>\n\t\t\t\t<\/div>\n\t\t\t\t<\/div>\n\t\t\t\t<\/div>\n\t\t\t\t<\/div>\n\t\t","protected":false},"excerpt":{"rendered":"<p>La patine comme source de durabilit\u00e9en automobile en cours Cr\u00e9er une campagne de communication \u00e0 impact en faveur des \u00e9conomies [&hellip;]<\/p>\n","protected":false},"author":1,"featured_media":0,"parent":0,"menu_order":0,"comment_status":"closed","ping_status":"closed","template":"","meta":{"_uag_custom_page_level_css":"","site-sidebar-layout":"default","site-content-layout":"","ast-site-content-layout":"default","site-content-style":"default","site-sidebar-style":"default","ast-global-header-display":"","ast-banner-title-visibility":"","ast-main-header-display":"","ast-hfb-above-header-display":"","ast-hfb-below-header-display":"","ast-hfb-mobile-header-display":"","site-post-title":"disabled","ast-breadcrumbs-content":"","ast-featured-img":"","footer-sml-layout":"","theme-transparent-header-meta":"","adv-header-id-meta":"","stick-header-meta":"","header-above-stick-meta":"","header-main-stick-meta":"","header-below-stick-meta":"","astra-migrate-meta-layouts":"default","ast-page-background-enabled":"default","ast-page-background-meta":{"desktop":{"background-color":"var(--ast-global-color-5)","background-image":"","background-repeat":"repeat","background-position":"center center","background-size":"auto","background-attachment":"scroll","background-type":"","background-media":"","overlay-type":"","overlay-color":"","overlay-opacity":"","overlay-gradient":""},"tablet":{"background-color":"","background-image":"","background-repeat":"repeat","background-position":"center center","background-size":"auto","background-attachment":"scroll","background-type":"","background-media":"","overlay-type":"","overlay-color":"","overlay-opacity":"","overlay-gradient":""},"mobile":{"background-color":"","background-image":"","background-repeat":"repeat","background-position":"center center","background-size":"auto","background-attachment":"scroll","background-type":"","background-media":"","overlay-type":"","overlay-color":"","overlay-opacity":"","overlay-gradient":""}},"ast-content-background-meta":{"desktop":{"background-color":"var(--ast-global-color-4)","background-image":"","background-repeat":"repeat","background-position":"center center","background-size":"auto","background-attachment":"scroll","background-type":"","background-media":"","overlay-type":"","overlay-color":"","overlay-opacity":"","overlay-gradient":""},"tablet":{"background-color":"var(--ast-global-color-4)","background-image":"","background-repeat":"repeat","background-position":"center center","background-size":"auto","background-attachment":"scroll","background-type":"","background-media":"","overlay-type":"","overlay-color":"","overlay-opacity":"","overlay-gradient":""},"mobile":{"background-color":"var(--ast-global-color-4)","background-image":"","background-repeat":"repeat","background-position":"center center","background-size":"auto","background-attachment":"scroll","background-type":"","background-media":"","overlay-type":"","overlay-color":"","overlay-opacity":"","overlay-gradient":""}},"footnotes":""},"class_list":["post-412","page","type-page","status-publish","hentry"],"uagb_featured_image_src":{"full":false,"thumbnail":false,"medium":false,"medium_large":false,"large":false,"1536x1536":false,"2048x2048":false},"uagb_author_info":{"display_name":"admin1260","author_link":"https:\/\/germainmagat.com\/?author=1"},"uagb_comment_info":0,"uagb_excerpt":"La patine comme source de durabilit\u00e9en automobile en cours Cr\u00e9er une campagne de communication \u00e0 impact en faveur des \u00e9conomies [&hellip;]","_links":{"self":[{"href":"https:\/\/germainmagat.com\/index.php?rest_route=\/wp\/v2\/pages\/412","targetHints":{"allow":["GET"]}}],"collection":[{"href":"https:\/\/germainmagat.com\/index.php?rest_route=\/wp\/v2\/pages"}],"about":[{"href":"https:\/\/germainmagat.com\/index.php?rest_route=\/wp\/v2\/types\/page"}],"author":[{"embeddable":true,"href":"https:\/\/germainmagat.com\/index.php?rest_route=\/wp\/v2\/users\/1"}],"replies":[{"embeddable":true,"href":"https:\/\/germainmagat.com\/index.php?rest_route=%2Fwp%2Fv2%2Fcomments&post=412"}],"version-history":[{"count":605,"href":"https:\/\/germainmagat.com\/index.php?rest_route=\/wp\/v2\/pages\/412\/revisions"}],"predecessor-version":[{"id":2957,"href":"https:\/\/germainmagat.com\/index.php?rest_route=\/wp\/v2\/pages\/412\/revisions\/2957"}],"wp:attachment":[{"href":"https:\/\/germainmagat.com\/index.php?rest_route=%2Fwp%2Fv2%2Fmedia&parent=412"}],"curies":[{"name":"wp","href":"https:\/\/api.w.org\/{rel}","templated":true}]}}